{"id":2324,"date":"2017-02-27T18:33:57","date_gmt":"2017-02-27T18:33:57","guid":{"rendered":"https:\/\/www.gerle-communications.co.uk\/ocean\/investment-writing\/"},"modified":"2025-10-07T14:16:04","modified_gmt":"2025-10-07T14:16:04","slug":"investment-writing","status":"publish","type":"page","link":"https:\/\/www.gerle-communications.co.uk\/de\/mit-kunden-und-journalisten-an-einem-strang-ziehen\/investment-writing\/","title":{"rendered":"Investment writing"},"content":{"rendered":"<h2>Unsere Leistungen: Investment writing<\/h2>\n<ul>\n<li>Namensbeitr\u00e4ge, Advertorials und Interviews<\/li>\n<li>Marktkommentare und Research-Berichte f\u00fcr alle Assetklassen zielgruppenspezifisch zusammenfassen<\/li>\n<li>Social-Media-Posts<\/li>\n<li>Abstimmung auf Deutsch und Englisch<\/li>\n<li>\u201eTranscreations\u201c: Wir \u00fcbersetzen nicht einfach englische Texte, sondern bringen sie in den richtigen deutschen Kontext f\u00fcr die jeweilige Zielgruppe.<\/li>\n<\/ul>\n","protected":false},"excerpt":{"rendered":"<p>Unsere Leistungen: Investment writing Namensbeitr\u00e4ge, Advertorials und Interviews Marktkommentare und Research-Berichte f\u00fcr alle Assetklassen zielgruppenspezifisch zusammenfassen Social-Media-Posts Abstimmung auf Deutsch und Englisch \u201eTranscreations\u201c: Wir \u00fcbersetzen nicht einfach englische Texte, sondern bringen sie in den richtigen deutschen Kontext f\u00fcr die jeweilige Zielgruppe.<\/p>\n","protected":false},"author":2,"featured_media":0,"parent":2310,"menu_order":0,"comment_status":"closed","ping_status":"closed","template":"","meta":{"ocean_post_layout":"full-width","ocean_both_sidebars_style":"","ocean_both_sidebars_content_width":0,"ocean_both_sidebars_sidebars_width":0,"ocean_sidebar":"0","ocean_second_sidebar":"0","ocean_disable_margins":"enable","ocean_add_body_class":"","ocean_shortcode_before_top_bar":"","ocean_shortcode_after_top_bar":"","ocean_shortcode_before_header":"","ocean_shortcode_after_header":"","ocean_has_shortcode":"","ocean_shortcode_after_title":"","ocean_shortcode_before_footer_widgets":"","ocean_shortcode_after_footer_widgets":"","ocean_shortcode_before_footer_bottom":"","ocean_shortcode_after_footer_bottom":"","ocean_display_top_bar":"default","ocean_display_header":"default","ocean_header_style":"minimal","ocean_center_header_left_menu":"0","ocean_custom_header_template":"0","ocean_custom_logo":0,"ocean_custom_retina_logo":0,"ocean_custom_logo_max_width":0,"ocean_custom_logo_tablet_max_width":0,"ocean_custom_logo_mobile_max_width":0,"ocean_custom_logo_max_height":0,"ocean_custom_logo_tablet_max_height":0,"ocean_custom_logo_mobile_max_height":0,"ocean_header_custom_menu":"0","ocean_menu_typo_font_family":"0","ocean_menu_typo_font_subset":"","ocean_menu_typo_font_size":0,"ocean_menu_typo_font_size_tablet":0,"ocean_menu_typo_font_size_mobile":0,"ocean_menu_typo_font_size_unit":"px","ocean_menu_typo_font_weight":"","ocean_menu_typo_font_weight_tablet":"","ocean_menu_typo_font_weight_mobile":"","ocean_menu_typo_transform":"","ocean_menu_typo_transform_tablet":"","ocean_menu_typo_transform_mobile":"","ocean_menu_typo_line_height":0,"ocean_menu_typo_line_height_tablet":0,"ocean_menu_typo_line_height_mobile":0,"ocean_menu_typo_line_height_unit":"","ocean_menu_typo_spacing":0,"ocean_menu_typo_spacing_tablet":0,"ocean_menu_typo_spacing_mobile":0,"ocean_menu_typo_spacing_unit":"","ocean_menu_link_color":"","ocean_menu_link_color_hover":"","ocean_menu_link_color_active":"","ocean_menu_link_background":"","ocean_menu_link_hover_background":"","ocean_menu_link_active_background":"","ocean_menu_social_links_bg":"","ocean_menu_social_hover_links_bg":"","ocean_menu_social_links_color":"","ocean_menu_social_hover_links_color":"","ocean_disable_title":"default","ocean_disable_heading":"default","ocean_post_title":"","ocean_post_subheading":"","ocean_post_title_style":"background-image","ocean_post_title_background_color":"","ocean_post_title_background":3693,"ocean_post_title_bg_image_position":"","ocean_post_title_bg_image_attachment":"","ocean_post_title_bg_image_repeat":"","ocean_post_title_bg_image_size":"","ocean_post_title_height":0,"ocean_post_title_bg_overlay":0.5,"ocean_post_title_bg_overlay_color":"","ocean_disable_breadcrumbs":"default","ocean_breadcrumbs_color":"","ocean_breadcrumbs_separator_color":"","ocean_breadcrumbs_links_color":"","ocean_breadcrumbs_links_hover_color":"","ocean_display_footer_widgets":"default","ocean_display_footer_bottom":"default","ocean_custom_footer_template":"0","_pvb_checkbox_block_on_post":false,"footnotes":""},"class_list":["post-2324","page","type-page","status-publish","hentry","entry"],"yoast_head":"<!-- This site is optimized with the Yoast SEO plugin v27.5 - https:\/\/yoast.com\/product\/yoast-seo-wordpress\/ -->\n<title>Investment writing - Gerle Financial Communications<\/title>\n<meta name=\"description\" content=\"Unsere Leistungen im Investment writing - von Namensbeitr\u00e4gen, Advertorials und Interviews \u00fcber Zusammenfassungen von Marktkommentaren und Research-Berichten f\u00fcr alle Assetklassen bis zu Social-Media-Posts.\" \/>\n<meta name=\"robots\" content=\"index, follow, max-snippet:-1, max-image-preview:large, max-video-preview:-1\" \/>\n<link rel=\"canonical\" href=\"https:\/\/www.gerle-communications.co.uk\/de\/mit-kunden-und-journalisten-an-einem-strang-ziehen\/investment-writing\/\" \/>\n<meta property=\"og:locale\" content=\"de_DE\" \/>\n<meta property=\"og:type\" content=\"article\" \/>\n<meta property=\"og:title\" content=\"Investment writing - Gerle Financial Communications\" \/>\n<meta property=\"og:description\" content=\"Unsere Leistungen im Investment writing - von Namensbeitr\u00e4gen, Advertorials und Interviews \u00fcber Zusammenfassungen von Marktkommentaren und Research-Berichten f\u00fcr alle Assetklassen bis zu Social-Media-Posts.\" \/>\n<meta property=\"og:url\" content=\"https:\/\/www.gerle-communications.co.uk\/de\/mit-kunden-und-journalisten-an-einem-strang-ziehen\/investment-writing\/\" \/>\n<meta property=\"og:site_name\" content=\"Gerle Financial Communications\" \/>\n<meta property=\"article:modified_time\" content=\"2025-10-07T14:16:04+00:00\" \/>\n<meta name=\"twitter:card\" content=\"summary_large_image\" \/>\n<script type=\"application\/ld+json\" class=\"yoast-schema-graph\">{\"@context\":\"https:\\\/\\\/schema.org\",\"@graph\":[{\"@type\":\"WebPage\",\"@id\":\"https:\\\/\\\/www.gerle-communications.co.uk\\\/de\\\/mit-kunden-und-journalisten-an-einem-strang-ziehen\\\/investment-writing\\\/\",\"url\":\"https:\\\/\\\/www.gerle-communications.co.uk\\\/de\\\/mit-kunden-und-journalisten-an-einem-strang-ziehen\\\/investment-writing\\\/\",\"name\":\"Investment writing - Gerle Financial Communications\",\"isPartOf\":{\"@id\":\"https:\\\/\\\/www.gerle-communications.co.uk\\\/de\\\/#website\"},\"datePublished\":\"2017-02-27T18:33:57+00:00\",\"dateModified\":\"2025-10-07T14:16:04+00:00\",\"description\":\"Unsere Leistungen im Investment writing - von Namensbeitr\u00e4gen, Advertorials und Interviews \u00fcber Zusammenfassungen von Marktkommentaren und Research-Berichten f\u00fcr alle Assetklassen bis zu Social-Media-Posts.\",\"breadcrumb\":{\"@id\":\"https:\\\/\\\/www.gerle-communications.co.uk\\\/de\\\/mit-kunden-und-journalisten-an-einem-strang-ziehen\\\/investment-writing\\\/#breadcrumb\"},\"inLanguage\":\"de\",\"potentialAction\":[{\"@type\":\"ReadAction\",\"target\":[\"https:\\\/\\\/www.gerle-communications.co.uk\\\/de\\\/mit-kunden-und-journalisten-an-einem-strang-ziehen\\\/investment-writing\\\/\"]}]},{\"@type\":\"BreadcrumbList\",\"@id\":\"https:\\\/\\\/www.gerle-communications.co.uk\\\/de\\\/mit-kunden-und-journalisten-an-einem-strang-ziehen\\\/investment-writing\\\/#breadcrumb\",\"itemListElement\":[{\"@type\":\"ListItem\",\"position\":1,\"name\":\"Home\",\"item\":\"https:\\\/\\\/www.gerle-communications.co.uk\\\/de\\\/\"},{\"@type\":\"ListItem\",\"position\":2,\"name\":\"Mit Kunden und Journalisten an einem Strang ziehen\",\"item\":\"https:\\\/\\\/www.gerle-communications.co.uk\\\/de\\\/mit-kunden-und-journalisten-an-einem-strang-ziehen\\\/\"},{\"@type\":\"ListItem\",\"position\":3,\"name\":\"Investment writing\"}]},{\"@type\":\"WebSite\",\"@id\":\"https:\\\/\\\/www.gerle-communications.co.uk\\\/de\\\/#website\",\"url\":\"https:\\\/\\\/www.gerle-communications.co.uk\\\/de\\\/\",\"name\":\"Gerle Financial Communications\",\"description\":\"\",\"publisher\":{\"@id\":\"https:\\\/\\\/www.gerle-communications.co.uk\\\/de\\\/#organization\"},\"potentialAction\":[{\"@type\":\"SearchAction\",\"target\":{\"@type\":\"EntryPoint\",\"urlTemplate\":\"https:\\\/\\\/www.gerle-communications.co.uk\\\/de\\\/?s={search_term_string}\"},\"query-input\":{\"@type\":\"PropertyValueSpecification\",\"valueRequired\":true,\"valueName\":\"search_term_string\"}}],\"inLanguage\":\"de\"},{\"@type\":\"Organization\",\"@id\":\"https:\\\/\\\/www.gerle-communications.co.uk\\\/de\\\/#organization\",\"name\":\"Gerle Financial Communications\",\"url\":\"https:\\\/\\\/www.gerle-communications.co.uk\\\/de\\\/\",\"logo\":{\"@type\":\"ImageObject\",\"inLanguage\":\"de\",\"@id\":\"https:\\\/\\\/www.gerle-communications.co.uk\\\/de\\\/#\\\/schema\\\/logo\\\/image\\\/\",\"url\":\"https:\\\/\\\/www.gerle-communications.co.uk\\\/wp-content\\\/uploads\\\/2025\\\/07\\\/gerle_logo_financial_communications.png\",\"contentUrl\":\"https:\\\/\\\/www.gerle-communications.co.uk\\\/wp-content\\\/uploads\\\/2025\\\/07\\\/gerle_logo_financial_communications.png\",\"width\":300,\"height\":104,\"caption\":\"Gerle Financial Communications\"},\"image\":{\"@id\":\"https:\\\/\\\/www.gerle-communications.co.uk\\\/de\\\/#\\\/schema\\\/logo\\\/image\\\/\"},\"sameAs\":[\"https:\\\/\\\/www.linkedin.com\\\/in\\\/hagen-gerle-828538b4?lipi=urn:li:page:d_flagship3_profile_view_base_contact_details;4JKqkc0GRzOTmpyrZYE7eA==\"]}]}<\/script>\n<!-- \/ Yoast SEO plugin. -->","yoast_head_json":{"title":"Investment writing - Gerle Financial Communications","description":"Unsere Leistungen im Investment writing - von Namensbeitr\u00e4gen, Advertorials und Interviews \u00fcber Zusammenfassungen von Marktkommentaren und Research-Berichten f\u00fcr alle Assetklassen bis zu Social-Media-Posts.","robots":{"index":"index","follow":"follow","max-snippet":"max-snippet:-1","max-image-preview":"max-image-preview:large","max-video-preview":"max-video-preview:-1"},"canonical":"https:\/\/www.gerle-communications.co.uk\/de\/mit-kunden-und-journalisten-an-einem-strang-ziehen\/investment-writing\/","og_locale":"de_DE","og_type":"article","og_title":"Investment writing - Gerle Financial Communications","og_description":"Unsere Leistungen im Investment writing - von Namensbeitr\u00e4gen, Advertorials und Interviews \u00fcber Zusammenfassungen von Marktkommentaren und Research-Berichten f\u00fcr alle Assetklassen bis zu Social-Media-Posts.","og_url":"https:\/\/www.gerle-communications.co.uk\/de\/mit-kunden-und-journalisten-an-einem-strang-ziehen\/investment-writing\/","og_site_name":"Gerle Financial Communications","article_modified_time":"2025-10-07T14:16:04+00:00","twitter_card":"summary_large_image","schema":{"@context":"https:\/\/schema.org","@graph":[{"@type":"WebPage","@id":"https:\/\/www.gerle-communications.co.uk\/de\/mit-kunden-und-journalisten-an-einem-strang-ziehen\/investment-writing\/","url":"https:\/\/www.gerle-communications.co.uk\/de\/mit-kunden-und-journalisten-an-einem-strang-ziehen\/investment-writing\/","name":"Investment writing - Gerle Financial Communications","isPartOf":{"@id":"https:\/\/www.gerle-communications.co.uk\/de\/#website"},"datePublished":"2017-02-27T18:33:57+00:00","dateModified":"2025-10-07T14:16:04+00:00","description":"Unsere Leistungen im Investment writing - von Namensbeitr\u00e4gen, Advertorials und Interviews \u00fcber Zusammenfassungen von Marktkommentaren und Research-Berichten f\u00fcr alle Assetklassen bis zu Social-Media-Posts.","breadcrumb":{"@id":"https:\/\/www.gerle-communications.co.uk\/de\/mit-kunden-und-journalisten-an-einem-strang-ziehen\/investment-writing\/#breadcrumb"},"inLanguage":"de","potentialAction":[{"@type":"ReadAction","target":["https:\/\/www.gerle-communications.co.uk\/de\/mit-kunden-und-journalisten-an-einem-strang-ziehen\/investment-writing\/"]}]},{"@type":"BreadcrumbList","@id":"https:\/\/www.gerle-communications.co.uk\/de\/mit-kunden-und-journalisten-an-einem-strang-ziehen\/investment-writing\/#breadcrumb","itemListElement":[{"@type":"ListItem","position":1,"name":"Home","item":"https:\/\/www.gerle-communications.co.uk\/de\/"},{"@type":"ListItem","position":2,"name":"Mit Kunden und Journalisten an einem Strang ziehen","item":"https:\/\/www.gerle-communications.co.uk\/de\/mit-kunden-und-journalisten-an-einem-strang-ziehen\/"},{"@type":"ListItem","position":3,"name":"Investment writing"}]},{"@type":"WebSite","@id":"https:\/\/www.gerle-communications.co.uk\/de\/#website","url":"https:\/\/www.gerle-communications.co.uk\/de\/","name":"Gerle Financial Communications","description":"","publisher":{"@id":"https:\/\/www.gerle-communications.co.uk\/de\/#organization"},"potentialAction":[{"@type":"SearchAction","target":{"@type":"EntryPoint","urlTemplate":"https:\/\/www.gerle-communications.co.uk\/de\/?s={search_term_string}"},"query-input":{"@type":"PropertyValueSpecification","valueRequired":true,"valueName":"search_term_string"}}],"inLanguage":"de"},{"@type":"Organization","@id":"https:\/\/www.gerle-communications.co.uk\/de\/#organization","name":"Gerle Financial Communications","url":"https:\/\/www.gerle-communications.co.uk\/de\/","logo":{"@type":"ImageObject","inLanguage":"de","@id":"https:\/\/www.gerle-communications.co.uk\/de\/#\/schema\/logo\/image\/","url":"https:\/\/www.gerle-communications.co.uk\/wp-content\/uploads\/2025\/07\/gerle_logo_financial_communications.png","contentUrl":"https:\/\/www.gerle-communications.co.uk\/wp-content\/uploads\/2025\/07\/gerle_logo_financial_communications.png","width":300,"height":104,"caption":"Gerle Financial Communications"},"image":{"@id":"https:\/\/www.gerle-communications.co.uk\/de\/#\/schema\/logo\/image\/"},"sameAs":["https:\/\/www.linkedin.com\/in\/hagen-gerle-828538b4?lipi=urn:li:page:d_flagship3_profile_view_base_contact_details;4JKqkc0GRzOTmpyrZYE7eA=="]}]}},"rttpg_featured_image_url":null,"rttpg_author":{"display_name":"Hagen Gerle","author_link":"https:\/\/www.gerle-communications.co.uk\/de\/author\/hagen-gerle\/"},"rttpg_comment":0,"rttpg_category":null,"rttpg_excerpt":"Unsere Leistungen: Investment writing Namensbeitr\u00e4ge, Advertorials und Interviews Marktkommentare und Research-Berichte f\u00fcr alle Assetklassen zielgruppenspezifisch zusammenfassen Social-Media-Posts Abstimmung auf Deutsch und Englisch \u201eTranscreations\u201c: Wir \u00fcbersetzen nicht einfach englische Texte, sondern bringen sie in den richtigen deutschen Kontext f\u00fcr die jeweilige Zielgruppe.","_links":{"self":[{"href":"https:\/\/www.gerle-communications.co.uk\/de\/wp-json\/wp\/v2\/pages\/2324","targetHints":{"allow":["GET"]}}],"collection":[{"href":"https:\/\/www.gerle-communications.co.uk\/de\/wp-json\/wp\/v2\/pages"}],"about":[{"href":"https:\/\/www.gerle-communications.co.uk\/de\/wp-json\/wp\/v2\/types\/page"}],"author":[{"embeddable":true,"href":"https:\/\/www.gerle-communications.co.uk\/de\/wp-json\/wp\/v2\/users\/2"}],"replies":[{"embeddable":true,"href":"https:\/\/www.gerle-communications.co.uk\/de\/wp-json\/wp\/v2\/comments?post=2324"}],"version-history":[{"count":8,"href":"https:\/\/www.gerle-communications.co.uk\/de\/wp-json\/wp\/v2\/pages\/2324\/revisions"}],"predecessor-version":[{"id":4710,"href":"https:\/\/www.gerle-communications.co.uk\/de\/wp-json\/wp\/v2\/pages\/2324\/revisions\/4710"}],"up":[{"embeddable":true,"href":"https:\/\/www.gerle-communications.co.uk\/de\/wp-json\/wp\/v2\/pages\/2310"}],"wp:attachment":[{"href":"https:\/\/www.gerle-communications.co.uk\/de\/wp-json\/wp\/v2\/media?parent=2324"}],"curies":[{"name":"wp","href":"https:\/\/api.w.org\/{rel}","templated":true}]}}