{"id":2308,"date":"2011-06-25T10:02:36","date_gmt":"2011-06-25T10:02:36","guid":{"rendered":"https:\/\/www.gerle-communications.co.uk\/ocean\/uber-25-jahre-erfahrung-in-der-kommunikation-fur-unternehmen\/"},"modified":"2025-09-03T12:48:11","modified_gmt":"2025-09-03T12:48:11","slug":"uber-30-jahre-erfahrung-in-der-kommunikation-fur-unternehmen","status":"publish","type":"page","link":"https:\/\/www.gerle-communications.co.uk\/de\/uber-30-jahre-erfahrung-in-der-kommunikation-fur-unternehmen\/","title":{"rendered":"\u00dcber 30 Jahre Erfahrung in der Kommunikation f\u00fcr Unternehmen"},"content":{"rendered":"<h3><strong>Hagen Gerle ist der Spezialist f\u00fcr die Presse- und \u00d6ffentlichkeitsarbeit von Finanzdienstleistungsunternehmen.<\/strong> <strong>Seit 1994 ber\u00e4t er Fondsh\u00e4user, Versicherer, Beteiligungsgesellschaften und Anbieter von Altersvorsorgel\u00f6sungen.<\/strong><\/h3>\n<p>Der gelernte Tageszeitungsredakteur kennt alle drei Seiten des Kommunikationsgesch\u00e4fts: als Redakteur sowie Reporter f\u00fcr Radio und Fernsehen, als PR-Berater auf Agenturseite sowie als Manager in der Unternehmenskommunikation einer der gr\u00f6\u00dften Fondsgesellschaften weltweit.<\/p>\n<p>2002 gr\u00fcndete Hagen Gerle sein eigenes Beratungsunternehmen in Frankfurt\/Main. Seitdem ber\u00e4t er Finanzdienstleister in allen Fragen der Kommunikation, unterst\u00fctzt sie in der klassischen Pressearbeit, schreibt f\u00fcr sie Investmentartikel und betreut komplette Unternehmenspublikationen.<\/p>\n<p>2011 siedelte er mit Familie und Gesch\u00e4ft in den S\u00fcdwesten Englands um. Von hier aus betreut er Kunden in verschiedenen L\u00e4ndern (wenn er nicht gerade durchs Gel\u00e4nde oder entlang der wunderbaren Jurassic Coast l\u00e4uft).<\/p>\n<p>Hagen Gerle ist Mitglied der\u00a0Federation of Small Businesses (FSB) und von England Athletics.<\/p>\n<p><a href=\"https:\/\/www.fsb.org.uk\/\" target=\"_blank\" rel=\"noopener noreferrer\"><img decoding=\"async\" class=\"size-full wp-image-1016 alignleft\" src=\"https:\/\/www.gerle-communications.co.uk\/wp-content\/uploads\/2019\/08\/FSBLogo.jpg\" alt=\"FSB Logo\" width=\"140\" height=\"93\" \/><\/a> <a href=\"https:\/\/www.englandathletics.org\/\" target=\"_blank\" rel=\"noopener noreferrer\"><img decoding=\"async\" class=\"alignnone size-full wp-image-1017\" src=\"https:\/\/www.gerle-communications.co.uk\/wp-content\/uploads\/2019\/08\/England-Athletics-logo.jpg\" alt=\"England Athletics logo\" width=\"160\" height=\"70\" \/><\/a><\/p>\n","protected":false},"excerpt":{"rendered":"<p>Hagen Gerle ist der Spezialist f\u00fcr die Presse- und \u00d6ffentlichkeitsarbeit von Finanzdienstleistungsunternehmen. Seit 1994 ber\u00e4t er Fondsh\u00e4user, Versicherer, Beteiligungsgesellschaften und Anbieter von Altersvorsorgel\u00f6sungen. Der gelernte Tageszeitungsredakteur kennt alle drei Seiten des Kommunikationsgesch\u00e4fts: als Redakteur sowie Reporter f\u00fcr Radio und Fernsehen, als PR-Berater auf Agenturseite sowie als Manager in der Unternehmenskommunikation einer der gr\u00f6\u00dften Fondsgesellschaften weltweit. [&hellip;]<\/p>\n","protected":false},"author":2,"featured_media":0,"parent":0,"menu_order":10,"comment_status":"closed","ping_status":"closed","template":"","meta":{"ocean_post_layout":"full-width","ocean_both_sidebars_style":"","ocean_both_sidebars_content_width":0,"ocean_both_sidebars_sidebars_width":0,"ocean_sidebar":"0","ocean_second_sidebar":"0","ocean_disable_margins":"enable","ocean_add_body_class":"","ocean_shortcode_before_top_bar":"","ocean_shortcode_after_top_bar":"","ocean_shortcode_before_header":"","ocean_shortcode_after_header":"","ocean_has_shortcode":"","ocean_shortcode_after_title":"","ocean_shortcode_before_footer_widgets":"","ocean_shortcode_after_footer_widgets":"","ocean_shortcode_before_footer_bottom":"","ocean_shortcode_after_footer_bottom":"","ocean_display_top_bar":"default","ocean_display_header":"on","ocean_header_style":"minimal","ocean_center_header_left_menu":"0","ocean_custom_header_template":"0","ocean_custom_logo":0,"ocean_custom_retina_logo":0,"ocean_custom_logo_max_width":0,"ocean_custom_logo_tablet_max_width":0,"ocean_custom_logo_mobile_max_width":0,"ocean_custom_logo_max_height":0,"ocean_custom_logo_tablet_max_height":0,"ocean_custom_logo_mobile_max_height":0,"ocean_header_custom_menu":"0","ocean_menu_typo_font_family":"0","ocean_menu_typo_font_subset":"","ocean_menu_typo_font_size":0,"ocean_menu_typo_font_size_tablet":0,"ocean_menu_typo_font_size_mobile":0,"ocean_menu_typo_font_size_unit":"px","ocean_menu_typo_font_weight":"","ocean_menu_typo_font_weight_tablet":"","ocean_menu_typo_font_weight_mobile":"","ocean_menu_typo_transform":"","ocean_menu_typo_transform_tablet":"","ocean_menu_typo_transform_mobile":"","ocean_menu_typo_line_height":0,"ocean_menu_typo_line_height_tablet":0,"ocean_menu_typo_line_height_mobile":0,"ocean_menu_typo_line_height_unit":"","ocean_menu_typo_spacing":0,"ocean_menu_typo_spacing_tablet":0,"ocean_menu_typo_spacing_mobile":0,"ocean_menu_typo_spacing_unit":"","ocean_menu_link_color":"","ocean_menu_link_color_hover":"","ocean_menu_link_color_active":"","ocean_menu_link_background":"","ocean_menu_link_hover_background":"","ocean_menu_link_active_background":"","ocean_menu_social_links_bg":"","ocean_menu_social_hover_links_bg":"","ocean_menu_social_links_color":"","ocean_menu_social_hover_links_color":"","ocean_disable_title":"default","ocean_disable_heading":"default","ocean_post_title":"","ocean_post_subheading":"","ocean_post_title_style":"background-image","ocean_post_title_background_color":"","ocean_post_title_background":4223,"ocean_post_title_bg_image_position":"","ocean_post_title_bg_image_attachment":"","ocean_post_title_bg_image_repeat":"","ocean_post_title_bg_image_size":"","ocean_post_title_height":0,"ocean_post_title_bg_overlay":0.5,"ocean_post_title_bg_overlay_color":"","ocean_disable_breadcrumbs":"default","ocean_breadcrumbs_color":"","ocean_breadcrumbs_separator_color":"","ocean_breadcrumbs_links_color":"","ocean_breadcrumbs_links_hover_color":"","ocean_display_footer_widgets":"default","ocean_display_footer_bottom":"default","ocean_custom_footer_template":"0","_pvb_checkbox_block_on_post":false,"footnotes":""},"class_list":["post-2308","page","type-page","status-publish","hentry","entry"],"yoast_head":"<!-- This site is optimized with the Yoast SEO plugin v27.4 - https:\/\/yoast.com\/product\/yoast-seo-wordpress\/ -->\n<title>\u00dcber 30 Jahre Erfahrung in der Kommunikation f\u00fcr Unternehmen - Gerle Financial Communications<\/title>\n<meta name=\"description\" content=\"Hagen Gerle ist der Spezialist f\u00fcr die Presse- und \u00d6ffentlichkeitsarbeit von Finanzdienstleistungsunternehmen. Seit 1994 ber\u00e4t er Fondsh\u00e4user, Versicherer, Beteiligungsgesellschaften und Anbieter von Altersvorsorgel\u00f6sungen, unterst\u00fctzt sie in der klassischen Pressearbeit, schreibt f\u00fcr sie Investmentartikel und betreut komplette Unternehmensmagazine.\" \/>\n<meta name=\"robots\" content=\"index, follow, max-snippet:-1, max-image-preview:large, max-video-preview:-1\" \/>\n<link rel=\"canonical\" href=\"https:\/\/www.gerle-communications.co.uk\/de\/uber-30-jahre-erfahrung-in-der-kommunikation-fur-unternehmen\/\" \/>\n<meta property=\"og:locale\" content=\"de_DE\" \/>\n<meta property=\"og:type\" content=\"article\" \/>\n<meta property=\"og:title\" content=\"\u00dcber 30 Jahre Erfahrung in der Kommunikation f\u00fcr Unternehmen - Gerle Financial Communications\" \/>\n<meta property=\"og:description\" content=\"Hagen Gerle ist der Spezialist f\u00fcr die Presse- und \u00d6ffentlichkeitsarbeit von Finanzdienstleistungsunternehmen. Seit 1994 ber\u00e4t er Fondsh\u00e4user, Versicherer, Beteiligungsgesellschaften und Anbieter von Altersvorsorgel\u00f6sungen, unterst\u00fctzt sie in der klassischen Pressearbeit, schreibt f\u00fcr sie Investmentartikel und betreut komplette Unternehmensmagazine.\" \/>\n<meta property=\"og:url\" content=\"https:\/\/www.gerle-communications.co.uk\/de\/uber-30-jahre-erfahrung-in-der-kommunikation-fur-unternehmen\/\" \/>\n<meta property=\"og:site_name\" content=\"Gerle Financial Communications\" \/>\n<meta property=\"article:modified_time\" content=\"2025-09-03T12:48:11+00:00\" \/>\n<meta property=\"og:image\" content=\"https:\/\/www.gerle-communications.co.uk\/wp-content\/uploads\/2019\/08\/FSBLogo.jpg\" \/>\n<meta name=\"twitter:card\" content=\"summary_large_image\" \/>\n<meta name=\"twitter:label1\" content=\"Gesch\u00e4tzte Lesezeit\" \/>\n\t<meta name=\"twitter:data1\" content=\"1\u00a0Minute\" \/>\n<script type=\"application\/ld+json\" class=\"yoast-schema-graph\">{\"@context\":\"https:\\\/\\\/schema.org\",\"@graph\":[{\"@type\":\"WebPage\",\"@id\":\"https:\\\/\\\/www.gerle-communications.co.uk\\\/de\\\/uber-30-jahre-erfahrung-in-der-kommunikation-fur-unternehmen\\\/\",\"url\":\"https:\\\/\\\/www.gerle-communications.co.uk\\\/de\\\/uber-30-jahre-erfahrung-in-der-kommunikation-fur-unternehmen\\\/\",\"name\":\"\u00dcber 30 Jahre Erfahrung in der Kommunikation f\u00fcr Unternehmen - Gerle Financial Communications\",\"isPartOf\":{\"@id\":\"https:\\\/\\\/www.gerle-communications.co.uk\\\/de\\\/#website\"},\"primaryImageOfPage\":{\"@id\":\"https:\\\/\\\/www.gerle-communications.co.uk\\\/de\\\/uber-30-jahre-erfahrung-in-der-kommunikation-fur-unternehmen\\\/#primaryimage\"},\"image\":{\"@id\":\"https:\\\/\\\/www.gerle-communications.co.uk\\\/de\\\/uber-30-jahre-erfahrung-in-der-kommunikation-fur-unternehmen\\\/#primaryimage\"},\"thumbnailUrl\":\"https:\\\/\\\/www.gerle-communications.co.uk\\\/wp-content\\\/uploads\\\/2019\\\/08\\\/FSBLogo.jpg\",\"datePublished\":\"2011-06-25T10:02:36+00:00\",\"dateModified\":\"2025-09-03T12:48:11+00:00\",\"description\":\"Hagen Gerle ist der Spezialist f\u00fcr die Presse- und \u00d6ffentlichkeitsarbeit von Finanzdienstleistungsunternehmen. Seit 1994 ber\u00e4t er Fondsh\u00e4user, Versicherer, Beteiligungsgesellschaften und Anbieter von Altersvorsorgel\u00f6sungen, unterst\u00fctzt sie in der klassischen Pressearbeit, schreibt f\u00fcr sie Investmentartikel und betreut komplette Unternehmensmagazine.\",\"breadcrumb\":{\"@id\":\"https:\\\/\\\/www.gerle-communications.co.uk\\\/de\\\/uber-30-jahre-erfahrung-in-der-kommunikation-fur-unternehmen\\\/#breadcrumb\"},\"inLanguage\":\"de\",\"potentialAction\":[{\"@type\":\"ReadAction\",\"target\":[\"https:\\\/\\\/www.gerle-communications.co.uk\\\/de\\\/uber-30-jahre-erfahrung-in-der-kommunikation-fur-unternehmen\\\/\"]}]},{\"@type\":\"ImageObject\",\"inLanguage\":\"de\",\"@id\":\"https:\\\/\\\/www.gerle-communications.co.uk\\\/de\\\/uber-30-jahre-erfahrung-in-der-kommunikation-fur-unternehmen\\\/#primaryimage\",\"url\":\"https:\\\/\\\/www.gerle-communications.co.uk\\\/wp-content\\\/uploads\\\/2019\\\/08\\\/FSBLogo.jpg\",\"contentUrl\":\"https:\\\/\\\/www.gerle-communications.co.uk\\\/wp-content\\\/uploads\\\/2019\\\/08\\\/FSBLogo.jpg\"},{\"@type\":\"BreadcrumbList\",\"@id\":\"https:\\\/\\\/www.gerle-communications.co.uk\\\/de\\\/uber-30-jahre-erfahrung-in-der-kommunikation-fur-unternehmen\\\/#breadcrumb\",\"itemListElement\":[{\"@type\":\"ListItem\",\"position\":1,\"name\":\"Home\",\"item\":\"https:\\\/\\\/www.gerle-communications.co.uk\\\/de\\\/\"},{\"@type\":\"ListItem\",\"position\":2,\"name\":\"\u00dcber 30 Jahre Erfahrung in der Kommunikation f\u00fcr Unternehmen\"}]},{\"@type\":\"WebSite\",\"@id\":\"https:\\\/\\\/www.gerle-communications.co.uk\\\/de\\\/#website\",\"url\":\"https:\\\/\\\/www.gerle-communications.co.uk\\\/de\\\/\",\"name\":\"Gerle Financial Communications\",\"description\":\"\",\"publisher\":{\"@id\":\"https:\\\/\\\/www.gerle-communications.co.uk\\\/de\\\/#organization\"},\"potentialAction\":[{\"@type\":\"SearchAction\",\"target\":{\"@type\":\"EntryPoint\",\"urlTemplate\":\"https:\\\/\\\/www.gerle-communications.co.uk\\\/de\\\/?s={search_term_string}\"},\"query-input\":{\"@type\":\"PropertyValueSpecification\",\"valueRequired\":true,\"valueName\":\"search_term_string\"}}],\"inLanguage\":\"de\"},{\"@type\":\"Organization\",\"@id\":\"https:\\\/\\\/www.gerle-communications.co.uk\\\/de\\\/#organization\",\"name\":\"Gerle Financial Communications\",\"url\":\"https:\\\/\\\/www.gerle-communications.co.uk\\\/de\\\/\",\"logo\":{\"@type\":\"ImageObject\",\"inLanguage\":\"de\",\"@id\":\"https:\\\/\\\/www.gerle-communications.co.uk\\\/de\\\/#\\\/schema\\\/logo\\\/image\\\/\",\"url\":\"https:\\\/\\\/www.gerle-communications.co.uk\\\/wp-content\\\/uploads\\\/2025\\\/07\\\/gerle_logo_financial_communications.png\",\"contentUrl\":\"https:\\\/\\\/www.gerle-communications.co.uk\\\/wp-content\\\/uploads\\\/2025\\\/07\\\/gerle_logo_financial_communications.png\",\"width\":300,\"height\":104,\"caption\":\"Gerle Financial Communications\"},\"image\":{\"@id\":\"https:\\\/\\\/www.gerle-communications.co.uk\\\/de\\\/#\\\/schema\\\/logo\\\/image\\\/\"},\"sameAs\":[\"https:\\\/\\\/www.linkedin.com\\\/in\\\/hagen-gerle-828538b4?lipi=urn:li:page:d_flagship3_profile_view_base_contact_details;4JKqkc0GRzOTmpyrZYE7eA==\"]}]}<\/script>\n<!-- \/ Yoast SEO plugin. -->","yoast_head_json":{"title":"\u00dcber 30 Jahre Erfahrung in der Kommunikation f\u00fcr Unternehmen - Gerle Financial Communications","description":"Hagen Gerle ist der Spezialist f\u00fcr die Presse- und \u00d6ffentlichkeitsarbeit von Finanzdienstleistungsunternehmen. Seit 1994 ber\u00e4t er Fondsh\u00e4user, Versicherer, Beteiligungsgesellschaften und Anbieter von Altersvorsorgel\u00f6sungen, unterst\u00fctzt sie in der klassischen Pressearbeit, schreibt f\u00fcr sie Investmentartikel und betreut komplette Unternehmensmagazine.","robots":{"index":"index","follow":"follow","max-snippet":"max-snippet:-1","max-image-preview":"max-image-preview:large","max-video-preview":"max-video-preview:-1"},"canonical":"https:\/\/www.gerle-communications.co.uk\/de\/uber-30-jahre-erfahrung-in-der-kommunikation-fur-unternehmen\/","og_locale":"de_DE","og_type":"article","og_title":"\u00dcber 30 Jahre Erfahrung in der Kommunikation f\u00fcr Unternehmen - Gerle Financial Communications","og_description":"Hagen Gerle ist der Spezialist f\u00fcr die Presse- und \u00d6ffentlichkeitsarbeit von Finanzdienstleistungsunternehmen. Seit 1994 ber\u00e4t er Fondsh\u00e4user, Versicherer, Beteiligungsgesellschaften und Anbieter von Altersvorsorgel\u00f6sungen, unterst\u00fctzt sie in der klassischen Pressearbeit, schreibt f\u00fcr sie Investmentartikel und betreut komplette Unternehmensmagazine.","og_url":"https:\/\/www.gerle-communications.co.uk\/de\/uber-30-jahre-erfahrung-in-der-kommunikation-fur-unternehmen\/","og_site_name":"Gerle Financial Communications","article_modified_time":"2025-09-03T12:48:11+00:00","og_image":[{"url":"https:\/\/www.gerle-communications.co.uk\/wp-content\/uploads\/2019\/08\/FSBLogo.jpg","type":"","width":"","height":""}],"twitter_card":"summary_large_image","twitter_misc":{"Gesch\u00e4tzte Lesezeit":"1\u00a0Minute"},"schema":{"@context":"https:\/\/schema.org","@graph":[{"@type":"WebPage","@id":"https:\/\/www.gerle-communications.co.uk\/de\/uber-30-jahre-erfahrung-in-der-kommunikation-fur-unternehmen\/","url":"https:\/\/www.gerle-communications.co.uk\/de\/uber-30-jahre-erfahrung-in-der-kommunikation-fur-unternehmen\/","name":"\u00dcber 30 Jahre Erfahrung in der Kommunikation f\u00fcr Unternehmen - Gerle Financial Communications","isPartOf":{"@id":"https:\/\/www.gerle-communications.co.uk\/de\/#website"},"primaryImageOfPage":{"@id":"https:\/\/www.gerle-communications.co.uk\/de\/uber-30-jahre-erfahrung-in-der-kommunikation-fur-unternehmen\/#primaryimage"},"image":{"@id":"https:\/\/www.gerle-communications.co.uk\/de\/uber-30-jahre-erfahrung-in-der-kommunikation-fur-unternehmen\/#primaryimage"},"thumbnailUrl":"https:\/\/www.gerle-communications.co.uk\/wp-content\/uploads\/2019\/08\/FSBLogo.jpg","datePublished":"2011-06-25T10:02:36+00:00","dateModified":"2025-09-03T12:48:11+00:00","description":"Hagen Gerle ist der Spezialist f\u00fcr die Presse- und \u00d6ffentlichkeitsarbeit von Finanzdienstleistungsunternehmen. Seit 1994 ber\u00e4t er Fondsh\u00e4user, Versicherer, Beteiligungsgesellschaften und Anbieter von Altersvorsorgel\u00f6sungen, unterst\u00fctzt sie in der klassischen Pressearbeit, schreibt f\u00fcr sie Investmentartikel und betreut komplette Unternehmensmagazine.","breadcrumb":{"@id":"https:\/\/www.gerle-communications.co.uk\/de\/uber-30-jahre-erfahrung-in-der-kommunikation-fur-unternehmen\/#breadcrumb"},"inLanguage":"de","potentialAction":[{"@type":"ReadAction","target":["https:\/\/www.gerle-communications.co.uk\/de\/uber-30-jahre-erfahrung-in-der-kommunikation-fur-unternehmen\/"]}]},{"@type":"ImageObject","inLanguage":"de","@id":"https:\/\/www.gerle-communications.co.uk\/de\/uber-30-jahre-erfahrung-in-der-kommunikation-fur-unternehmen\/#primaryimage","url":"https:\/\/www.gerle-communications.co.uk\/wp-content\/uploads\/2019\/08\/FSBLogo.jpg","contentUrl":"https:\/\/www.gerle-communications.co.uk\/wp-content\/uploads\/2019\/08\/FSBLogo.jpg"},{"@type":"BreadcrumbList","@id":"https:\/\/www.gerle-communications.co.uk\/de\/uber-30-jahre-erfahrung-in-der-kommunikation-fur-unternehmen\/#breadcrumb","itemListElement":[{"@type":"ListItem","position":1,"name":"Home","item":"https:\/\/www.gerle-communications.co.uk\/de\/"},{"@type":"ListItem","position":2,"name":"\u00dcber 30 Jahre Erfahrung in der Kommunikation f\u00fcr Unternehmen"}]},{"@type":"WebSite","@id":"https:\/\/www.gerle-communications.co.uk\/de\/#website","url":"https:\/\/www.gerle-communications.co.uk\/de\/","name":"Gerle Financial Communications","description":"","publisher":{"@id":"https:\/\/www.gerle-communications.co.uk\/de\/#organization"},"potentialAction":[{"@type":"SearchAction","target":{"@type":"EntryPoint","urlTemplate":"https:\/\/www.gerle-communications.co.uk\/de\/?s={search_term_string}"},"query-input":{"@type":"PropertyValueSpecification","valueRequired":true,"valueName":"search_term_string"}}],"inLanguage":"de"},{"@type":"Organization","@id":"https:\/\/www.gerle-communications.co.uk\/de\/#organization","name":"Gerle Financial Communications","url":"https:\/\/www.gerle-communications.co.uk\/de\/","logo":{"@type":"ImageObject","inLanguage":"de","@id":"https:\/\/www.gerle-communications.co.uk\/de\/#\/schema\/logo\/image\/","url":"https:\/\/www.gerle-communications.co.uk\/wp-content\/uploads\/2025\/07\/gerle_logo_financial_communications.png","contentUrl":"https:\/\/www.gerle-communications.co.uk\/wp-content\/uploads\/2025\/07\/gerle_logo_financial_communications.png","width":300,"height":104,"caption":"Gerle Financial Communications"},"image":{"@id":"https:\/\/www.gerle-communications.co.uk\/de\/#\/schema\/logo\/image\/"},"sameAs":["https:\/\/www.linkedin.com\/in\/hagen-gerle-828538b4?lipi=urn:li:page:d_flagship3_profile_view_base_contact_details;4JKqkc0GRzOTmpyrZYE7eA=="]}]}},"rttpg_featured_image_url":null,"rttpg_author":{"display_name":"Hagen Gerle","author_link":"https:\/\/www.gerle-communications.co.uk\/de\/author\/hagen-gerle\/"},"rttpg_comment":0,"rttpg_category":null,"rttpg_excerpt":"Hagen Gerle ist der Spezialist f\u00fcr die Presse- und \u00d6ffentlichkeitsarbeit von Finanzdienstleistungsunternehmen. Seit 1994 ber\u00e4t er Fondsh\u00e4user, Versicherer, Beteiligungsgesellschaften und Anbieter von Altersvorsorgel\u00f6sungen. Der gelernte Tageszeitungsredakteur kennt alle drei Seiten des Kommunikationsgesch\u00e4fts: als Redakteur sowie Reporter f\u00fcr Radio und Fernsehen, als PR-Berater auf Agenturseite sowie als Manager in der Unternehmenskommunikation einer der gr\u00f6\u00dften Fondsgesellschaften weltweit.&hellip;","_links":{"self":[{"href":"https:\/\/www.gerle-communications.co.uk\/de\/wp-json\/wp\/v2\/pages\/2308","targetHints":{"allow":["GET"]}}],"collection":[{"href":"https:\/\/www.gerle-communications.co.uk\/de\/wp-json\/wp\/v2\/pages"}],"about":[{"href":"https:\/\/www.gerle-communications.co.uk\/de\/wp-json\/wp\/v2\/types\/page"}],"author":[{"embeddable":true,"href":"https:\/\/www.gerle-communications.co.uk\/de\/wp-json\/wp\/v2\/users\/2"}],"replies":[{"embeddable":true,"href":"https:\/\/www.gerle-communications.co.uk\/de\/wp-json\/wp\/v2\/comments?post=2308"}],"version-history":[{"count":8,"href":"https:\/\/www.gerle-communications.co.uk\/de\/wp-json\/wp\/v2\/pages\/2308\/revisions"}],"predecessor-version":[{"id":4559,"href":"https:\/\/www.gerle-communications.co.uk\/de\/wp-json\/wp\/v2\/pages\/2308\/revisions\/4559"}],"wp:attachment":[{"href":"https:\/\/www.gerle-communications.co.uk\/de\/wp-json\/wp\/v2\/media?parent=2308"}],"curies":[{"name":"wp","href":"https:\/\/api.w.org\/{rel}","templated":true}]}}